{"id":656,"date":"2018-11-14T12:10:50","date_gmt":"2018-11-14T12:10:50","guid":{"rendered":"http:\/\/temp.abcphysio.com.pt\/?page_id=656"},"modified":"2023-11-13T17:48:31","modified_gmt":"2023-11-13T17:48:31","slug":"contactos","status":"publish","type":"page","link":"https:\/\/www.abcphysio.com.pt\/?page_id=656","title":{"rendered":"Contactos"},"content":{"rendered":"\t\t<div data-elementor-type=\"wp-post\" data-elementor-id=\"656\" class=\"elementor elementor-656\" data-elementor-post-type=\"page\">\n\t\t\t\t\t\t<section class=\"elementor-section elementor-top-section elementor-element elementor-element-be8a286 elementor-section-boxed elementor-section-height-default elementor-section-height-default\" data-id=\"be8a286\" data-element_type=\"section\" data-e-type=\"section\">\n\t\t\t\t\t\t<div class=\"elementor-container elementor-column-gap-default\">\n\t\t\t\t\t<div class=\"elementor-column elementor-col-50 elementor-top-column elementor-element elementor-element-82bef79\" data-id=\"82bef79\" data-element_type=\"column\" data-e-type=\"column\">\n\t\t\t<div class=\"elementor-widget-wrap elementor-element-populated\">\n\t\t\t\t\t\t<div class=\"elementor-element elementor-element-7bd7d79 elementor-widget elementor-widget-rt-title\" data-id=\"7bd7d79\" data-element_type=\"widget\" data-e-type=\"widget\" data-widget_type=\"rt-title.default\">\n\t\t\t\t<div class=\"elementor-widget-container\">\n\t\t\t\t\t\r\n\t<div class=\"rt-el-title section-heading heading-dark text-center heading-layout1 style1 theme1\">\r\n\t\t<h2 class=\"rtin-title\">Agende aqui a sua consulta<\/h2>\r\n\t\t\t\t\t\t<p class=\"rtin-subtitle\">Indique-nos a sua disponibilidade no formul\u00e1rio. Entraremos em contato brevemente para finalizarmos a marca\u00e7\u00e3o da sua consulta.<\/p>\r\n\t\t\t\t<\/div>\r\n\t\t\t\t\t<\/div>\n\t\t\t\t<\/div>\n\t\t\t\t<div class=\"elementor-element elementor-element-2da8aa0 elementor-widget elementor-widget-shortcode\" data-id=\"2da8aa0\" data-element_type=\"widget\" data-e-type=\"widget\" data-widget_type=\"shortcode.default\">\n\t\t\t\t<div class=\"elementor-widget-container\">\n\t\t\t\t\t\t\t<div class=\"elementor-shortcode\">\n<div class=\"wpcf7 no-js\" id=\"wpcf7-f5-o1\" lang=\"en-US\" dir=\"ltr\" data-wpcf7-id=\"5\">\n<div class=\"screen-reader-response\"><p role=\"status\" aria-live=\"polite\" aria-atomic=\"true\"><\/p> <ul><\/ul><\/div>\n<form action=\"\/index.php?rest_route=%2Fwp%2Fv2%2Fpages%2F656#wpcf7-f5-o1\" method=\"post\" class=\"wpcf7-form init\" aria-label=\"Contact form\" novalidate=\"novalidate\" data-status=\"init\">\n<fieldset class=\"hidden-fields-container\"><input type=\"hidden\" name=\"_wpcf7\" value=\"5\" \/><input type=\"hidden\" name=\"_wpcf7_version\" value=\"6.1.6\" \/><input type=\"hidden\" name=\"_wpcf7_locale\" value=\"en_US\" \/><input type=\"hidden\" name=\"_wpcf7_unit_tag\" value=\"wpcf7-f5-o1\" \/><input type=\"hidden\" name=\"_wpcf7_container_post\" value=\"0\" \/><input type=\"hidden\" name=\"_wpcf7_posted_data_hash\" value=\"\" \/>\n<\/fieldset>\n<p><label> Nome (Obrigat\u00f3rio)<br \/>\n<span class=\"wpcf7-form-control-wrap\" data-name=\"nome\"><input size=\"40\" maxlength=\"400\" class=\"wpcf7-form-control wpcf7-text wpcf7-validates-as-required\" aria-required=\"true\" aria-invalid=\"false\" value=\"\" type=\"text\" name=\"nome\" \/><\/span> <\/label>\n<\/p>\n<p><label> Email (Obrigat\u00f3rio)<br \/>\n<span class=\"wpcf7-form-control-wrap\" data-name=\"your-email\"><input size=\"40\" maxlength=\"400\" class=\"wpcf7-form-control wpcf7-email wpcf7-validates-as-required wpcf7-text wpcf7-validates-as-email\" aria-required=\"true\" aria-invalid=\"false\" value=\"\" type=\"email\" name=\"your-email\" \/><\/span> <\/label>\n<\/p>\n<p><label> Telefone (Obrigat\u00f3rio)<br \/>\n<span class=\"wpcf7-form-control-wrap\" data-name=\"telefone\"><input size=\"40\" maxlength=\"400\" class=\"wpcf7-form-control wpcf7-text wpcf7-validates-as-required\" aria-required=\"true\" aria-invalid=\"false\" value=\"\" type=\"text\" name=\"telefone\" \/><\/span> <\/label>\n<\/p>\n<p><label> Assunto<br \/>\n<span class=\"wpcf7-form-control-wrap\" data-name=\"your-subject\"><input size=\"40\" maxlength=\"400\" class=\"wpcf7-form-control wpcf7-text\" aria-invalid=\"false\" value=\"\" type=\"text\" name=\"your-subject\" \/><\/span> <\/label>\n<\/p>\n<p><label> A sua mensagem<br \/>\n<span class=\"wpcf7-form-control-wrap\" data-name=\"your-message\"><textarea cols=\"40\" rows=\"10\" maxlength=\"2000\" class=\"wpcf7-form-control wpcf7-textarea\" aria-invalid=\"false\" name=\"your-message\"><\/textarea><\/span> <\/label>\n<\/p>\n<p><input type=\"hidden\" name=\"_wpcf7_captcha_challenge_captcha-170\" value=\"3299490256\" \/><img decoding=\"async\" class=\"wpcf7-form-control wpcf7-captchac wpcf7-captcha-captcha-170\" width=\"72\" height=\"24\" alt=\"captcha\" src=\"https:\/\/www.abcphysio.com.pt\/wp-content\/uploads\/wpcf7_captcha\/3299490256.png\" \/><br \/>\n<span class=\"wpcf7-form-control-wrap\" data-name=\"captcha-170\"><input size=\"4\" maxlength=\"4\" class=\"wpcf7-form-control wpcf7-captchar\" autocomplete=\"off\" aria-invalid=\"false\" value=\"\" type=\"text\" name=\"captcha-170\" \/><\/span>\n<\/p>\n<p><input class=\"wpcf7-form-control wpcf7-submit has-spinner\" type=\"submit\" value=\"Enviar\" \/>\n<\/p><p style=\"display: none !important;\" class=\"akismet-fields-container\" data-prefix=\"_wpcf7_ak_\"><label>&#916;<textarea name=\"_wpcf7_ak_hp_textarea\" cols=\"45\" rows=\"8\" maxlength=\"100\"><\/textarea><\/label><input type=\"hidden\" id=\"ak_js_1\" name=\"_wpcf7_ak_js\" value=\"99\"\/><script type=\"text\/javascript\">\n\/* <![CDATA[ *\/\ndocument.getElementById( \"ak_js_1\" ).setAttribute( \"value\", ( new Date() ).getTime() );\n\/* ]]> *\/\n<\/script>\n<\/p><div class=\"wpcf7-response-output\" aria-hidden=\"true\"><\/div>\n<\/form>\n<\/div>\n<\/div>\n\t\t\t\t\t\t<\/div>\n\t\t\t\t<\/div>\n\t\t\t\t\t<\/div>\n\t\t<\/div>\n\t\t\t\t<div class=\"elementor-column elementor-col-50 elementor-top-column elementor-element elementor-element-6868b37\" data-id=\"6868b37\" data-element_type=\"column\" data-e-type=\"column\">\n\t\t\t<div class=\"elementor-widget-wrap elementor-element-populated\">\n\t\t\t\t\t\t<div class=\"elementor-element elementor-element-3b8656f elementor-widget elementor-widget-rt-title\" data-id=\"3b8656f\" data-element_type=\"widget\" data-e-type=\"widget\" data-widget_type=\"rt-title.default\">\n\t\t\t\t<div class=\"elementor-widget-container\">\n\t\t\t\t\t\r\n\t<div class=\"rt-el-title section-heading heading-dark text-center heading-layout1 style1 theme1\">\r\n\t\t<h2 class=\"rtin-title\">Onde estamos?<\/h2>\r\n\t\t\t\t\t\t<p class=\"rtin-subtitle\">Fa\u00e7a o seu agendamento pelo meio mais pr\u00e1tico para si.<\/p>\r\n\t\t\t\t<\/div>\r\n\t\t\t\t\t<\/div>\n\t\t\t\t<\/div>\n\t\t\t\t<div class=\"elementor-element elementor-element-8e2a4b6 elementor-widget elementor-widget-rt-contact\" data-id=\"8e2a4b6\" data-element_type=\"widget\" data-e-type=\"widget\" data-widget_type=\"rt-contact.default\">\n\t\t\t\t<div class=\"elementor-widget-container\">\n\t\t\t\t\t\r\n<div class=\"rt-el-contact\">\r\n\t<ul>\r\n\t\t<li><i class=\"fas fa-map-marker\"><\/i> ABC PHYSIO - Cl\u00ednica de Fisioterapia<\/li><li><i class=\"fas fa-phone-square\"><\/i> <a href=\"tel:(+351) 212 739 420 (chamada para rede fixa nacional)\">(+351) 212 739 420 (chamada para rede fixa nacional)<\/a><\/li><li><i class=\"fas fa-phone-square\"><\/i> <a href=\"tel:(+351) 912 349 619 (chamada para rede m\u00f3vel nacional)\">(+351) 912 349 619 (chamada para rede m\u00f3vel nacional)<\/a><\/li><li><i class=\"fa fa-envelope-o\" aria-hidden=\"true\"><\/i> <a href=\"mailto:clinica@abcphysio.com.pt\">clinica@abcphysio.com.pt<\/a><\/li>\t<\/ul>\r\n<\/div>\t\t\t\t<\/div>\n\t\t\t\t<\/div>\n\t\t\t\t<div class=\"elementor-element elementor-element-25538b0 elementor-widget elementor-widget-image\" data-id=\"25538b0\" data-element_type=\"widget\" data-e-type=\"widget\" data-widget_type=\"image.default\">\n\t\t\t\t<div class=\"elementor-widget-container\">\n\t\t\t\t\t\t\t\t\t\t\t\t\t\t\t<img fetchpriority=\"high\" decoding=\"async\" width=\"1920\" height=\"1080\" src=\"https:\/\/www.abcphysio.com.pt\/wp-content\/uploads\/2023\/10\/Slider-Home-Page.png\" class=\"attachment-full size-full wp-image-6791\" alt=\"\" srcset=\"https:\/\/www.abcphysio.com.pt\/wp-content\/uploads\/2023\/10\/Slider-Home-Page.png 1920w, https:\/\/www.abcphysio.com.pt\/wp-content\/uploads\/2023\/10\/Slider-Home-Page-300x169.png 300w, https:\/\/www.abcphysio.com.pt\/wp-content\/uploads\/2023\/10\/Slider-Home-Page-1024x576.png 1024w, https:\/\/www.abcphysio.com.pt\/wp-content\/uploads\/2023\/10\/Slider-Home-Page-1536x864.png 1536w\" sizes=\"(max-width: 1920px) 100vw, 1920px\" \/>\t\t\t\t\t\t\t\t\t\t\t\t\t\t\t<\/div>\n\t\t\t\t<\/div>\n\t\t\t\t\t<\/div>\n\t\t<\/div>\n\t\t\t\t\t<\/div>\n\t\t<\/section>\n\t\t\t\t<section class=\"elementor-section elementor-top-section elementor-element elementor-element-0b16d9f elementor-section-boxed elementor-section-height-default elementor-section-height-default\" data-id=\"0b16d9f\" data-element_type=\"section\" data-e-type=\"section\">\n\t\t\t\t\t\t<div class=\"elementor-container elementor-column-gap-default\">\n\t\t\t\t\t<div class=\"elementor-column elementor-col-100 elementor-top-column elementor-element elementor-element-82b8bf4\" data-id=\"82b8bf4\" data-element_type=\"column\" data-e-type=\"column\">\n\t\t\t<div class=\"elementor-widget-wrap elementor-element-populated\">\n\t\t\t\t\t\t<div class=\"elementor-element elementor-element-b58c5c9 elementor-widget elementor-widget-google_maps\" data-id=\"b58c5c9\" data-element_type=\"widget\" data-e-type=\"widget\" data-widget_type=\"google_maps.default\">\n\t\t\t\t<div class=\"elementor-widget-container\">\n\t\t\t\t\t\t\t<div class=\"elementor-custom-embed\">\n\t\t\t<iframe loading=\"lazy\"\n\t\t\t\t\tsrc=\"https:\/\/maps.google.com\/maps?q=clinica%40abcphysio.com.pt&#038;t=m&#038;z=16&#038;output=embed&#038;iwloc=near\"\n\t\t\t\t\ttitle=\"clinica@abcphysio.com.pt\"\n\t\t\t\t\taria-label=\"clinica@abcphysio.com.pt\"\n\t\t\t><\/iframe>\n\t\t<\/div>\n\t\t\t\t\t\t<\/div>\n\t\t\t\t<\/div>\n\t\t\t\t\t<\/div>\n\t\t<\/div>\n\t\t\t\t\t<\/div>\n\t\t<\/section>\n\t\t\t\t<\/div>\n\t\t","protected":false},"excerpt":{"rendered":"<p>Agende aqui a sua consulta Indique-nos a sua disponibilidade no formul\u00e1rio. Entraremos em contato brevemente para finalizarmos a marca\u00e7\u00e3o da sua consulta. Onde estamos? Fa\u00e7a o seu agendamento pelo meio mais pr\u00e1tico para si. ABC PHYSIO &#8211; Cl\u00ednica de Fisioterapia (+351) 212 739 420 (chamada para rede fixa nacional) (+351) 912 349 619 (chamada para&#8230;<\/p>\n","protected":false},"author":1,"featured_media":0,"parent":0,"menu_order":0,"comment_status":"closed","ping_status":"closed","template":"","meta":{"footnotes":""},"class_list":["post-656","page","type-page","status-publish","hentry"],"yoast_head":"<!-- This site is optimized with the Yoast SEO plugin v27.6 - https:\/\/yoast.com\/product\/yoast-seo-wordpress\/ -->\r\n<title>Contactos - ABC PHYSIO - Cl\u00ednica de Fisioterapia<\/title>\r\n<meta name=\"robots\" content=\"index, follow, max-snippet:-1, max-image-preview:large, max-video-preview:-1\" \/>\r\n<link rel=\"canonical\" href=\"https:\/\/www.abcphysio.com.pt\/?page_id=656\" \/>\r\n<meta property=\"og:locale\" content=\"pt_PT\" \/>\r\n<meta property=\"og:type\" content=\"article\" \/>\r\n<meta property=\"og:title\" content=\"Contactos - ABC PHYSIO - Cl\u00ednica de Fisioterapia\" \/>\r\n<meta property=\"og:description\" content=\"Agende aqui a sua consulta Indique-nos a sua disponibilidade no formul\u00e1rio. Entraremos em contato brevemente para finalizarmos a marca\u00e7\u00e3o da sua consulta. Onde estamos? Fa\u00e7a o seu agendamento pelo meio mais pr\u00e1tico para si. ABC PHYSIO &#8211; Cl\u00ednica de Fisioterapia (+351) 212 739 420 (chamada para rede fixa nacional) (+351) 912 349 619 (chamada para...\" \/>\r\n<meta property=\"og:url\" content=\"https:\/\/www.abcphysio.com.pt\/?page_id=656\" \/>\r\n<meta property=\"og:site_name\" content=\"ABC PHYSIO - Cl\u00ednica de Fisioterapia\" \/>\r\n<meta property=\"article:modified_time\" content=\"2023-11-13T17:48:31+00:00\" \/>\r\n<meta property=\"og:image\" content=\"http:\/\/temp.abcphysio.com.pt\/wp-content\/uploads\/2023\/10\/Slider-Home-Page.png\" \/>\r\n<meta name=\"twitter:card\" content=\"summary_large_image\" \/>\r\n<meta name=\"twitter:label1\" content=\"Tempo estimado de leitura\" \/>\n\t<meta name=\"twitter:data1\" content=\"1 minuto\" \/>\r\n<!-- \/ Yoast SEO plugin. -->","yoast_head_json":{"title":"Contactos - ABC PHYSIO - Cl\u00ednica de Fisioterapia","robots":{"index":"index","follow":"follow","max-snippet":"max-snippet:-1","max-image-preview":"max-image-preview:large","max-video-preview":"max-video-preview:-1"},"canonical":"https:\/\/www.abcphysio.com.pt\/?page_id=656","og_locale":"pt_PT","og_type":"article","og_title":"Contactos - ABC PHYSIO - Cl\u00ednica de Fisioterapia","og_description":"Agende aqui a sua consulta Indique-nos a sua disponibilidade no formul\u00e1rio. Entraremos em contato brevemente para finalizarmos a marca\u00e7\u00e3o da sua consulta. Onde estamos? Fa\u00e7a o seu agendamento pelo meio mais pr\u00e1tico para si. ABC PHYSIO &#8211; Cl\u00ednica de Fisioterapia (+351) 212 739 420 (chamada para rede fixa nacional) (+351) 912 349 619 (chamada para...","og_url":"https:\/\/www.abcphysio.com.pt\/?page_id=656","og_site_name":"ABC PHYSIO - Cl\u00ednica de Fisioterapia","article_modified_time":"2023-11-13T17:48:31+00:00","og_image":[{"url":"http:\/\/temp.abcphysio.com.pt\/wp-content\/uploads\/2023\/10\/Slider-Home-Page.png","type":"","width":"","height":""}],"twitter_card":"summary_large_image","twitter_misc":{"Tempo estimado de leitura":"1 minuto"},"schema":{"@context":"https:\/\/schema.org","@graph":[]}},"jetpack_sharing_enabled":true,"_links":{"self":[{"href":"https:\/\/www.abcphysio.com.pt\/index.php?rest_route=\/wp\/v2\/pages\/656","targetHints":{"allow":["GET"]}}],"collection":[{"href":"https:\/\/www.abcphysio.com.pt\/index.php?rest_route=\/wp\/v2\/pages"}],"about":[{"href":"https:\/\/www.abcphysio.com.pt\/index.php?rest_route=\/wp\/v2\/types\/page"}],"author":[{"embeddable":true,"href":"https:\/\/www.abcphysio.com.pt\/index.php?rest_route=\/wp\/v2\/users\/1"}],"replies":[{"embeddable":true,"href":"https:\/\/www.abcphysio.com.pt\/index.php?rest_route=%2Fwp%2Fv2%2Fcomments&post=656"}],"version-history":[{"count":5,"href":"https:\/\/www.abcphysio.com.pt\/index.php?rest_route=\/wp\/v2\/pages\/656\/revisions"}],"predecessor-version":[{"id":7382,"href":"https:\/\/www.abcphysio.com.pt\/index.php?rest_route=\/wp\/v2\/pages\/656\/revisions\/7382"}],"wp:attachment":[{"href":"https:\/\/www.abcphysio.com.pt\/index.php?rest_route=%2Fwp%2Fv2%2Fmedia&parent=656"}],"curies":[{"name":"wp","href":"https:\/\/api.w.org\/{rel}","templated":true}]}}